{"id":9251,"date":"2021-10-07T12:40:14","date_gmt":"2021-10-07T10:40:14","guid":{"rendered":"https:\/\/www.saamo.be\/brussel\/tools\/"},"modified":"2021-11-17T22:56:49","modified_gmt":"2021-11-17T21:56:49","slug":"tools","status":"publish","type":"page","link":"https:\/\/www.saamo.be\/fr\/bruxelles\/outils\/","title":{"rendered":"Outils"},"content":{"rendered":"<div class=\"wpb-content-wrapper\">[vc_row full_width=\u00a0\u00bbstretch_row\u00a0\u00bb el_class=\u00a0\u00bbgrey-row\u00a0\u00bb min_height=\u00a0\u00bb400&Prime;][vc_column]<h2 class=\"vcex-heading vcex-heading-plain vcex-module wpex-heading wpex-text-2xl wpex-h2 wpex-text-center\"><span class=\"vcex-heading-inner wpex-inline-block\">Outils<\/span><\/h2><div class=\"vcex-spacing wpex-w-100 wpex-clear\" style=\"height:10px;\"><\/div>[vc_column_text width=\u00a0\u00bb80%\u00a0\u00bb]SAAMO ne s&rsquo;arr\u00eate pas \u00e0 l&rsquo;analyse. SAAMO travaille avec ceux qui vivent l&rsquo;exclusion et avec des partenaires pour trouver des solutions. Ces solutions se traduisent par des mod\u00e8les et des m\u00e9thodologies que d&rsquo;autres peuvent utiliser ou qui peuvent les inspirer. Dans la section \u00ab\u00a0Outils\u00a0\u00bb, vous trouverez des guides, des vid\u00e9os et d&rsquo;autres documents que vous pouvez utiliser pour lutter contre l&rsquo;exclusion.[\/vc_column_text]<div class=\"vcex-spacing wpex-w-100 wpex-clear\"><\/div><div class=\"wpex-post-cards wpex-post-cards-tool wpex-relative\"><div class=\"wpex-post-cards-inner\"><div class=\"wpex-post-cards-loop wpex-post-cards-grid wpex-row wpex-clr\"><div class=\"wpex-post-cards-entry col col-1 span_1_of_4 post-31962 type-tool regio-512\"><div class=\"wpex-card wpex-card-tool\"><div class=\"wpex-card-inner wpex-flex wpex-flex-col wpex-flex-grow\"><div class=\"wpex-card-media overlay-parent overlay-parent-1\"><div class=\"wpex-card-thumbnail wpex-relative\"><a href=\"https:\/\/www.saamo.be\/fr\/tool\/baskuul-le-revenu-dintegration-sociale-comme-dernier-filet-de-securite-a-part-entiere\/\"><img loading=\"lazy\" class=\"wpex-align-middle\" alt=\"BASKUUL &#8211; Le revenu d&rsquo;int\u00e9gration sociale comme dernier filet de s\u00e9curit\u00e9 \u00e0 part enti\u00e8re.\" decoding=\"async\" src=\"https:\/\/www.saamo.be\/wp-content\/uploads\/2024\/04\/Baskuul-foto-FR-e1712222200987-400x400.png\" srcset=\"https:\/\/www.saamo.be\/wp-content\/uploads\/2024\/04\/Baskuul-foto-FR-e1712222200987-400x400.png 400w, https:\/\/www.saamo.be\/wp-content\/uploads\/2024\/04\/Baskuul-foto-FR-e1712222200987-150x150.png 150w\" width=\"400\" height=\"400\"><\/a><\/div><\/div><div class=\"content-tool\"><h2 class=\"wpex-card-title wpex-heading wpex-text-lg wpex-mb-10\"><a href=\"https:\/\/www.saamo.be\/fr\/tool\/baskuul-le-revenu-dintegration-sociale-comme-dernier-filet-de-securite-a-part-entiere\/\">BASKUUL &#8211; Le revenu d&rsquo;int\u00e9gration sociale comme dernier filet de s\u00e9curit\u00e9 \u00e0 part enti\u00e8re.<\/a><\/h2><div class=\"wpex-card-excerpt wpex-last-mb-0\"><p>Le projet de travail communautaire Baskuul a travaill\u00e9 pendant 5 ans sur la sous-protection des&hellip;<\/p>\n<\/div><div class=\"wpex-card-more-link\"><a href=\"https:\/\/www.saamo.be\/fr\/tool\/baskuul-le-revenu-dintegration-sociale-comme-dernier-filet-de-securite-a-part-entiere\/\" aria-label=\"En savoir plus about BASKUUL &#8211; Le revenu d&rsquo;int\u00e9gration sociale comme dernier filet de s\u00e9curit\u00e9 \u00e0 part enti\u00e8re.\" class=\"theme-button wpex-mt-20\">En savoir plus<\/a><\/div><\/div><\/div><\/div><\/div><div class=\"wpex-post-cards-entry col col-2 span_1_of_4 post-29901 type-tool regio-512\"><div class=\"wpex-card wpex-card-tool\"><div class=\"wpex-card-inner wpex-flex wpex-flex-col wpex-flex-grow\"><div class=\"wpex-card-media overlay-parent overlay-parent-1\"><div class=\"wpex-card-thumbnail wpex-relative\"><a href=\"https:\/\/www.saamo.be\/fr\/tool\/journee-detude-le-cpas-comme-moteur-dans-la-lutte-contre-la-pauvrete\/\"><img loading=\"lazy\" class=\"wpex-align-middle\" alt=\"menswaardig leefloon\" decoding=\"async\" src=\"https:\/\/www.saamo.be\/wp-content\/uploads\/2024\/02\/studiedag-OCMW-CPAS-400x400.jpg\" srcset=\"https:\/\/www.saamo.be\/wp-content\/uploads\/2024\/02\/studiedag-OCMW-CPAS-400x400.jpg 400w, https:\/\/www.saamo.be\/wp-content\/uploads\/2024\/02\/studiedag-OCMW-CPAS-150x150.jpg 150w\" width=\"400\" height=\"400\"><\/a><\/div><\/div><div class=\"content-tool\"><h2 class=\"wpex-card-title wpex-heading wpex-text-lg wpex-mb-10\"><a href=\"https:\/\/www.saamo.be\/fr\/tool\/journee-detude-le-cpas-comme-moteur-dans-la-lutte-contre-la-pauvrete\/\">Journ\u00e9e d&rsquo;etude le CPAS comme moteur dans la lutte contre la pauvret\u00e9<\/a><\/h2><div class=\"wpex-card-excerpt wpex-last-mb-0\"><p>Le 17 novembre 2023, cette passionnante journ\u00e9e d&rsquo;\u00e9tude de la Plate-forme GPMI s&rsquo;est d\u00e9roul\u00e9e. Nous avons compil\u00e9 les informations sur les diff\u00e9rents intervenants. Nous avons partag\u00e9 les pr\u00e9sentations et les r\u00e9sultats. Et vous d\u00e9couvrirez comment la Plateforme GPMI avance.<\/p>\n<\/div><div class=\"wpex-card-more-link\"><a href=\"https:\/\/www.saamo.be\/fr\/tool\/journee-detude-le-cpas-comme-moteur-dans-la-lutte-contre-la-pauvrete\/\" aria-label=\"En savoir plus about Journ\u00e9e d&rsquo;etude le CPAS comme moteur dans la lutte contre la pauvret\u00e9\" class=\"theme-button wpex-mt-20\">En savoir plus<\/a><\/div><\/div><\/div><\/div><\/div><div class=\"wpex-post-cards-entry col col-3 span_1_of_4 post-27655 type-tool regio-512\"><div class=\"wpex-card wpex-card-tool\"><div class=\"wpex-card-inner wpex-flex wpex-flex-col wpex-flex-grow\"><div class=\"wpex-card-media overlay-parent overlay-parent-1\"><div class=\"wpex-card-thumbnail wpex-relative\"><a href=\"https:\/\/www.saamo.be\/fr\/tool\/bibliographie-ris\/\"><img loading=\"lazy\" class=\"wpex-align-middle\" alt=\"Le RIS comme dernier filet de s\u00e9curit\u00e9: bibliographie\" decoding=\"async\" src=\"https:\/\/www.saamo.be\/wp-content\/uploads\/2023\/12\/afbeelding-bibliografie-1-400x400.jpg\" srcset=\"https:\/\/www.saamo.be\/wp-content\/uploads\/2023\/12\/afbeelding-bibliografie-1-400x400.jpg 400w, https:\/\/www.saamo.be\/wp-content\/uploads\/2023\/12\/afbeelding-bibliografie-1-150x150.jpg 150w\" width=\"400\" height=\"400\"><\/a><\/div><\/div><div class=\"content-tool\"><h2 class=\"wpex-card-title wpex-heading wpex-text-lg wpex-mb-10\"><a href=\"https:\/\/www.saamo.be\/fr\/tool\/bibliographie-ris\/\">Le RIS comme dernier filet de s\u00e9curit\u00e9: bibliographie<\/a><\/h2><div class=\"wpex-card-excerpt wpex-last-mb-0\"><p>Voici les r\u00e9f\u00e9rences des sources accompagnant la publication: Le video digital story \u00ab\u00a0Le robot malveillant\u00a0\u00bb:&hellip;<\/p>\n<\/div><div class=\"wpex-card-more-link\"><a href=\"https:\/\/www.saamo.be\/fr\/tool\/bibliographie-ris\/\" aria-label=\"En savoir plus about Le RIS comme dernier filet de s\u00e9curit\u00e9: bibliographie\" class=\"theme-button wpex-mt-20\">En savoir plus<\/a><\/div><\/div><\/div><\/div><\/div><div class=\"wpex-post-cards-entry col col-4 span_1_of_4 post-32310 type-tool regio-512\"><div class=\"wpex-card wpex-card-tool\"><div class=\"wpex-card-inner wpex-flex wpex-flex-col wpex-flex-grow\"><div class=\"wpex-card-media overlay-parent overlay-parent-1\"><div class=\"wpex-card-thumbnail wpex-relative\"><a href=\"https:\/\/www.saamo.be\/fr\/tool\/digitale-verhalen-rechthebbenden-ocmw\/\"><img loading=\"lazy\" class=\"wpex-align-middle\" alt=\"Narratifs num\u00e9riques ayants droits CPAS\" decoding=\"async\" src=\"https:\/\/www.saamo.be\/wp-content\/uploads\/2023\/02\/afbeelding-robot-400x400.jpg\" srcset=\"https:\/\/www.saamo.be\/wp-content\/uploads\/2023\/02\/afbeelding-robot-400x400.jpg 400w, https:\/\/www.saamo.be\/wp-content\/uploads\/2023\/02\/afbeelding-robot-150x150.jpg 150w\" width=\"400\" height=\"400\"><\/a><\/div><\/div><div class=\"content-tool\"><h2 class=\"wpex-card-title wpex-heading wpex-text-lg wpex-mb-10\"><a href=\"https:\/\/www.saamo.be\/fr\/tool\/digitale-verhalen-rechthebbenden-ocmw\/\">Narratifs num\u00e9riques ayants droits CPAS<\/a><\/h2><div class=\"wpex-card-excerpt wpex-last-mb-0\"><p>Dans le cadre du projet de travail communautaire Baskuul, sous le nom de \u00ab\u00a0Collectief Cartach\u00a0\u00bb,&hellip;<\/p>\n<\/div><div class=\"wpex-card-more-link\"><a href=\"https:\/\/www.saamo.be\/fr\/tool\/digitale-verhalen-rechthebbenden-ocmw\/\" aria-label=\"En savoir plus about Narratifs num\u00e9riques ayants droits CPAS\" class=\"theme-button wpex-mt-20\">En savoir plus<\/a><\/div><\/div><\/div><\/div><\/div><div class=\"wpex-post-cards-entry col col-1 span_1_of_4 post-25236 type-tool regio-512\"><div class=\"wpex-card wpex-card-tool\"><div class=\"wpex-card-inner wpex-flex wpex-flex-col wpex-flex-grow\"><div class=\"wpex-card-media overlay-parent overlay-parent-1\"><div class=\"wpex-card-thumbnail wpex-relative\"><a href=\"https:\/\/www.saamo.be\/fr\/tool\/infobrochure-ocmw\/\"><img loading=\"lazy\" class=\"wpex-align-middle\" alt=\"Brochure d&rsquo;info CPAS\" decoding=\"async\" src=\"https:\/\/www.saamo.be\/wp-content\/uploads\/2023\/02\/cover-brochure-CPAS-400x400.png\" srcset=\"https:\/\/www.saamo.be\/wp-content\/uploads\/2023\/02\/cover-brochure-CPAS-400x400.png 400w, https:\/\/www.saamo.be\/wp-content\/uploads\/2023\/02\/cover-brochure-CPAS-150x150.png 150w\" width=\"400\" height=\"400\"><\/a><\/div><\/div><div class=\"content-tool\"><h2 class=\"wpex-card-title wpex-heading wpex-text-lg wpex-mb-10\"><a href=\"https:\/\/www.saamo.be\/fr\/tool\/infobrochure-ocmw\/\">Brochure d&rsquo;info CPAS<\/a><\/h2><div class=\"wpex-card-excerpt wpex-last-mb-0\"><p>Cette brochure d&rsquo;information sur vos droits au CPAS est un guide pour toute personne qui&hellip;<\/p>\n<\/div><div class=\"wpex-card-more-link\"><a href=\"https:\/\/www.saamo.be\/fr\/tool\/infobrochure-ocmw\/\" aria-label=\"En savoir plus about Brochure d&rsquo;info CPAS\" class=\"theme-button wpex-mt-20\">En savoir plus<\/a><\/div><\/div><\/div><\/div><\/div><div class=\"wpex-post-cards-entry col col-2 span_1_of_4 post-10390 type-tool regio-512\"><div class=\"wpex-card wpex-card-tool\"><div class=\"wpex-card-inner wpex-flex wpex-flex-col wpex-flex-grow\"><div class=\"wpex-card-media overlay-parent overlay-parent-1\"><div class=\"wpex-card-thumbnail wpex-relative\"><a href=\"https:\/\/www.saamo.be\/fr\/tool\/habiter-dans-lentretemps-projet-doccupation-temporaire-a-la-rue-de-france\/\"><img loading=\"lazy\" class=\"wpex-align-middle\" alt=\"Habiter dans l&rsquo;entretemps. projet d&rsquo;occupation temporaire \u00e0 la rue de France\" decoding=\"async\" src=\"https:\/\/www.saamo.be\/wp-content\/uploads\/2021\/11\/Cover-Frankrijkstraat-FR-400x400.jpg\" srcset=\"https:\/\/www.saamo.be\/wp-content\/uploads\/2021\/11\/Cover-Frankrijkstraat-FR-400x400.jpg 400w, https:\/\/www.saamo.be\/wp-content\/uploads\/2021\/11\/Cover-Frankrijkstraat-FR-150x150.jpg 150w\" width=\"400\" height=\"400\"><\/a><\/div><\/div><div class=\"content-tool\"><h2 class=\"wpex-card-title wpex-heading wpex-text-lg wpex-mb-10\"><a href=\"https:\/\/www.saamo.be\/fr\/tool\/habiter-dans-lentretemps-projet-doccupation-temporaire-a-la-rue-de-france\/\">Habiter dans l&rsquo;entretemps. projet d&rsquo;occupation temporaire \u00e0 la rue de France<\/a><\/h2><a href=\"https:\/\/www.saamo.be\/wp-content\/uploads\/2021\/11\/publicatie-Frankrijkstraat-SLO-FR-060920copy-2.pdf\" target=\"_blank\" class=\"theme-button wpex-mt-20 file-type-pdf\" >Download<\/a><\/div><\/div><\/div><\/div><div class=\"wpex-post-cards-entry col col-3 span_1_of_4 post-10347 type-tool regio-512\"><div class=\"wpex-card wpex-card-tool\"><div class=\"wpex-card-inner wpex-flex wpex-flex-col wpex-flex-grow\"><div class=\"wpex-card-media overlay-parent overlay-parent-1\"><div class=\"wpex-card-thumbnail wpex-relative\"><a href=\"https:\/\/www.saamo.be\/fr\/tool\/de-stek-lapor\/\"><img loading=\"lazy\" class=\"wpex-align-middle\" alt=\"De STEK &#8211; L&rsquo;APOR &#8211; un geste fort pour la protection sociale\" decoding=\"async\" src=\"https:\/\/www.saamo.be\/wp-content\/uploads\/2021\/11\/Cover-LAPOR-1-400x400.jpg\" srcset=\"https:\/\/www.saamo.be\/wp-content\/uploads\/2021\/11\/Cover-LAPOR-1-400x400.jpg 400w, https:\/\/www.saamo.be\/wp-content\/uploads\/2021\/11\/Cover-LAPOR-1-150x150.jpg 150w\" width=\"400\" height=\"400\"><\/a><\/div><\/div><div class=\"content-tool\"><h2 class=\"wpex-card-title wpex-heading wpex-text-lg wpex-mb-10\"><a href=\"https:\/\/www.saamo.be\/fr\/tool\/de-stek-lapor\/\">De STEK &#8211; L&rsquo;APOR &#8211; un geste fort pour la protection sociale<\/a><\/h2><div class=\"wpex-card-excerpt wpex-last-mb-0\"><p>L&rsquo;APOR est un lieu informel \u00e0 proximit\u00e9 o\u00f9 les gens peuvent facilement passer pour discuter&hellip;<\/p>\n<\/div><div class=\"wpex-card-more-link\"><a href=\"https:\/\/www.saamo.be\/fr\/tool\/de-stek-lapor\/\" aria-label=\"En savoir plus about De STEK &#8211; L&rsquo;APOR &#8211; un geste fort pour la protection sociale\" class=\"theme-button wpex-mt-20\">En savoir plus<\/a><\/div><\/div><\/div><\/div><\/div><div class=\"wpex-post-cards-entry col col-4 span_1_of_4 post-10340 type-tool regio-512\"><div class=\"wpex-card wpex-card-tool\"><div class=\"wpex-card-inner wpex-flex wpex-flex-col wpex-flex-grow\"><div class=\"wpex-card-media overlay-parent overlay-parent-1\"><div class=\"wpex-card-thumbnail wpex-relative\"><a href=\"https:\/\/www.saamo.be\/fr\/tool\/une-idee-pleine-de-bon-sens-du-vide-au-vidange-un-projet-dhabitat-solidaire-dans-des-batiments-vides\/\"><img loading=\"lazy\" class=\"wpex-align-middle\" alt=\"Une id\u00e9e pleine de bon sens. Du vide au vidange. Un projet d&rsquo;habitat solidaire dans des b\u00e2timents vides\" decoding=\"async\" src=\"https:\/\/www.saamo.be\/wp-content\/uploads\/2021\/11\/cover-leeggoed-FR-400x400.jpg\" srcset=\"https:\/\/www.saamo.be\/wp-content\/uploads\/2021\/11\/cover-leeggoed-FR-400x400.jpg 400w, https:\/\/www.saamo.be\/wp-content\/uploads\/2021\/11\/cover-leeggoed-FR-150x150.jpg 150w\" width=\"400\" height=\"400\"><\/a><\/div><\/div><div class=\"content-tool\"><h2 class=\"wpex-card-title wpex-heading wpex-text-lg wpex-mb-10\"><a href=\"https:\/\/www.saamo.be\/fr\/tool\/une-idee-pleine-de-bon-sens-du-vide-au-vidange-un-projet-dhabitat-solidaire-dans-des-batiments-vides\/\">Une id\u00e9e pleine de bon sens. Du vide au vidange. Un projet d&rsquo;habitat solidaire dans des b\u00e2timents vides<\/a><\/h2><a href=\"https:\/\/www.saamo.be\/wp-content\/uploads\/2021\/11\/SOBpublLeeggoedVidanges_FR_scherm.pdf\" target=\"_blank\" class=\"theme-button wpex-mt-20 file-type-pdf\" >Download<\/a><\/div><\/div><\/div><\/div><div class=\"wpex-post-cards-entry col col-1 span_1_of_4 post-10332 type-tool regio-512\"><div class=\"wpex-card wpex-card-tool\"><div class=\"wpex-card-inner wpex-flex wpex-flex-col wpex-flex-grow\"><div class=\"wpex-card-media overlay-parent overlay-parent-1\"><div class=\"wpex-card-thumbnail wpex-relative\"><a href=\"https:\/\/www.saamo.be\/fr\/tool\/la-propagande-au-ralenti-la-representation-mediatique-des-personnes-en-sejour-irregulier\/\"><img loading=\"lazy\" class=\"wpex-align-middle\" alt=\"La propagande au ralenti. La repr\u00e9sentation m\u00e9diatique des personnes en s\u00e9jour irr\u00e9gulier\" decoding=\"async\" src=\"https:\/\/www.saamo.be\/wp-content\/uploads\/2021\/11\/Cover-Propaganda-in-slow-motion-FR-400x400.jpg\" srcset=\"https:\/\/www.saamo.be\/wp-content\/uploads\/2021\/11\/Cover-Propaganda-in-slow-motion-FR-400x400.jpg 400w, https:\/\/www.saamo.be\/wp-content\/uploads\/2021\/11\/Cover-Propaganda-in-slow-motion-FR-150x150.jpg 150w\" width=\"400\" height=\"400\"><\/a><\/div><\/div><div class=\"content-tool\"><h2 class=\"wpex-card-title wpex-heading wpex-text-lg wpex-mb-10\"><a href=\"https:\/\/www.saamo.be\/fr\/tool\/la-propagande-au-ralenti-la-representation-mediatique-des-personnes-en-sejour-irregulier\/\">La propagande au ralenti. La repr\u00e9sentation m\u00e9diatique des personnes en s\u00e9jour irr\u00e9gulier<\/a><\/h2><a href=\"https:\/\/www.saamo.be\/wp-content\/uploads\/2021\/11\/Propagande-au-ralenti-representation-mediatique-des-pesi-FR-version-definitive.pdf\" target=\"_blank\" class=\"theme-button wpex-mt-20 file-type-pdf\" >Download<\/a><\/div><\/div><\/div><\/div><div class=\"wpex-post-cards-entry col col-2 span_1_of_4 post-10325 type-tool regio-512\"><div class=\"wpex-card wpex-card-tool\"><div class=\"wpex-card-inner wpex-flex wpex-flex-col wpex-flex-grow\"><div class=\"wpex-card-media overlay-parent overlay-parent-1\"><div class=\"wpex-card-thumbnail wpex-relative\"><a href=\"https:\/\/www.saamo.be\/fr\/tool\/brochure-lorientation-vers-le-futur\/\"><img loading=\"lazy\" class=\"wpex-align-middle\" alt=\"Brochure L&rsquo;orientation vers le futur\" decoding=\"async\" src=\"https:\/\/www.saamo.be\/wp-content\/uploads\/2021\/11\/Cover-brochure-Toekomstorentering-FR-400x400.jpg\" srcset=\"https:\/\/www.saamo.be\/wp-content\/uploads\/2021\/11\/Cover-brochure-Toekomstorentering-FR-400x400.jpg 400w, https:\/\/www.saamo.be\/wp-content\/uploads\/2021\/11\/Cover-brochure-Toekomstorentering-FR-150x150.jpg 150w\" width=\"400\" height=\"400\"><\/a><\/div><\/div><div class=\"content-tool\"><h2 class=\"wpex-card-title wpex-heading wpex-text-lg wpex-mb-10\"><a href=\"https:\/\/www.saamo.be\/fr\/tool\/brochure-lorientation-vers-le-futur\/\">Brochure L&rsquo;orientation vers le futur<\/a><\/h2><a href=\"https:\/\/www.saamo.be\/wp-content\/uploads\/2021\/11\/brochure_orientation_vers_le_futur_def_20150702.pdf\" target=\"_blank\" class=\"theme-button wpex-mt-20 file-type-pdf\" >Download<\/a><\/div><\/div><\/div><\/div><\/div><\/div><\/div>[\/vc_column][\/vc_row]\n<\/div>","protected":false},"excerpt":{"rendered":"<p>[vc_row full_width=\u00a0\u00bbstretch_row\u00a0\u00bb el_class=\u00a0\u00bbgrey-row\u00a0\u00bb min_height=\u00a0\u00bb400&Prime;][vc_column][vc_column_text width=\u00a0\u00bb80%\u00a0\u00bb]SAAMO ne s&rsquo;arr\u00eate pas \u00e0 l&rsquo;analyse. SAAMO travaille avec ceux qui vivent l&rsquo;exclusion et avec des partenaires pour trouver des solutions. Ces solutions se traduisent par des mod\u00e8les et des m\u00e9thodologies que d&rsquo;autres peuvent utiliser ou qui peuvent les inspirer. Dans la section \u00ab\u00a0Outils\u00a0\u00bb, vous trouverez des guides, des vid\u00e9os et&hellip;<\/p>\n","protected":false},"author":8,"featured_media":0,"parent":7493,"menu_order":0,"comment_status":"closed","ping_status":"closed","template":"","meta":{"_acf_changed":false,"_analytify_skip_tracking":false,"footnotes":""},"class_list":["post-9251","page","type-page","status-publish","hentry","regio-bruxelles","entry","has-media"],"acf":[],"_links":{"self":[{"href":"https:\/\/www.saamo.be\/fr\/wp-json\/wp\/v2\/pages\/9251","targetHints":{"allow":["GET"]}}],"collection":[{"href":"https:\/\/www.saamo.be\/fr\/wp-json\/wp\/v2\/pages"}],"about":[{"href":"https:\/\/www.saamo.be\/fr\/wp-json\/wp\/v2\/types\/page"}],"author":[{"embeddable":true,"href":"https:\/\/www.saamo.be\/fr\/wp-json\/wp\/v2\/users\/8"}],"replies":[{"embeddable":true,"href":"https:\/\/www.saamo.be\/fr\/wp-json\/wp\/v2\/comments?post=9251"}],"version-history":[{"count":3,"href":"https:\/\/www.saamo.be\/fr\/wp-json\/wp\/v2\/pages\/9251\/revisions"}],"predecessor-version":[{"id":10313,"href":"https:\/\/www.saamo.be\/fr\/wp-json\/wp\/v2\/pages\/9251\/revisions\/10313"}],"up":[{"embeddable":true,"href":"https:\/\/www.saamo.be\/fr\/wp-json\/wp\/v2\/pages\/7493"}],"wp:attachment":[{"href":"https:\/\/www.saamo.be\/fr\/wp-json\/wp\/v2\/media?parent=9251"}],"curies":[{"name":"wp","href":"https:\/\/api.w.org\/{rel}","templated":true}]}}