{"id":9255,"date":"2021-10-07T12:40:15","date_gmt":"2021-10-07T10:40:15","guid":{"rendered":"https:\/\/www.saamo.be\/brussel\/regio-brussel\/"},"modified":"2021-12-07T14:00:09","modified_gmt":"2021-12-07T13:00:09","slug":"regio-brussel","status":"publish","type":"page","link":"https:\/\/www.saamo.be\/fr\/bruxelles\/region-bruxelles\/","title":{"rendered":"SAAMO Bruxelles"},"content":{"rendered":"<div class=\"wpb-content-wrapper\">[vc_row full_width=\u00a0\u00bbstretch_row\u00a0\u00bb min_height=\u00a0\u00bb400&Prime;][vc_column]<h1 class=\"vcex-heading vcex-heading-plain vcex-module wpex-heading wpex-text-2xl wpex-h1\"><span class=\"vcex-heading-inner wpex-inline-block\">A propos de nous<\/span><\/h1><figure class=\"vcex-image vcex-module\"><div class=\"vcex-image-inner wpex-relative wpex-inline-block\"><img width=\"1600\" height=\"1066\" src=\"https:\/\/www.saamo.be\/wp-content\/uploads\/2025\/06\/434127601_723994709936237_8285597737117565333_n.jpg\" class=\"vcex-image-img wpex-align-middle\" alt=\"SAAMO Brusselgroepsfoto  op antiracismebetoging\" loading=\"lazy\" decoding=\"async\" srcset=\"https:\/\/www.saamo.be\/wp-content\/uploads\/2025\/06\/434127601_723994709936237_8285597737117565333_n.jpg 1600w, https:\/\/www.saamo.be\/wp-content\/uploads\/2025\/06\/434127601_723994709936237_8285597737117565333_n-300x200.jpg 300w, https:\/\/www.saamo.be\/wp-content\/uploads\/2025\/06\/434127601_723994709936237_8285597737117565333_n-1024x682.jpg 1024w, https:\/\/www.saamo.be\/wp-content\/uploads\/2025\/06\/434127601_723994709936237_8285597737117565333_n-768x512.jpg 768w, https:\/\/www.saamo.be\/wp-content\/uploads\/2025\/06\/434127601_723994709936237_8285597737117565333_n-1536x1023.jpg 1536w\" sizes=\"auto, (max-width: 1600px) 100vw, 1600px\" \/><\/div><\/figure><div class=\"vcex-spacing wpex-w-100 wpex-clear\"><\/div><h2 class=\"vcex-heading vcex-heading-plain vcex-module wpex-heading wpex-text-2xl wpex-h2\"><span class=\"vcex-heading-inner wpex-inline-block\">Les travailleurs communautaires se battent contre l'exclusion<\/span><\/h2>[vc_column_text]Un logement correct et \u00e0 prix abordable. Un boulot appropri\u00e9. Chaque jour un repas sain sur la table. Des sous pour mener une vie sociale. Pour beaucoup de gens, cela n\u2019a rien d\u2019\u00e9vident. <strong>Les in\u00e9galit\u00e9s dans l\u2019organisation de notre soci\u00e9t\u00e9 fragilisent et excluent<\/strong>.<\/p>\n<p>Les travailleurs communautaires de SAAMO rassemblent des personnes en situation de vuln\u00e9rabilit\u00e9 et travaillent avec elles \u00e0 <strong>des solutions concr\u00e8tes<\/strong>. Ils le font avec des projets innovants et un travail communautaire engag\u00e9. Ils participent ainsi \u00e0 la construction d\u2019une soci\u00e9t\u00e9 o\u00f9 il y a de la place pour tous.<\/p>\n[\/vc_column_text]<h2 class=\"vcex-heading vcex-heading-plain vcex-module wpex-heading wpex-text-2xl wpex-h2\"><span class=\"vcex-heading-inner wpex-inline-block\">SAAMO et la coop\u00e9ration<\/span><\/h2>[vc_column_text]<strong>Les partenariats<\/strong> avec les gouvernements, les autres organisations de la soci\u00e9t\u00e9 civile et les acteurs priv\u00e9s sont cruciaux pour SAAMO. De cette mani\u00e8re, nos travailleurs sociaux, dans toute la Flandre et \u00e0 Bruxelles, construisent une soci\u00e9t\u00e9 o\u00f9 il y a de la place pour tout le monde.<\/p>\n<p>SAAMO est soutenu par <a href=\"https:\/\/www.samvzw.be\/\" target=\"_blank\" rel=\"noopener\">SAM, centre de soutien aux personnes et \u00e0 la soci\u00e9t\u00e9<\/a>.<\/p>\n[\/vc_column_text]<h2 class=\"vcex-heading vcex-heading-plain vcex-module wpex-heading wpex-text-2xl wpex-h2\"><span class=\"vcex-heading-inner wpex-inline-block\">Les droits fondamentaux et les droits humains comme base<\/span><\/h2>[vc_column_text]Dans le cadre du plan pluriannuel actuel, SAAMO \u0153uvre \u00e0 la r\u00e9alisation de divers <strong>droits fondamentaux et droits humains<\/strong>, au <strong>renforcement des quartiers et des villes<\/strong>, et \u00e0 la <strong>citoyennet\u00e9 collective<\/strong>, o\u00f9 le sentiment de solidarit\u00e9 entre les personnes est renforc\u00e9.<\/p>\n<p>\u00c0 Bruxelles, nous nous concentrons actuellement sur :<\/p>\n<h3>Logement sur mesure<\/h3>\n<p><em>La recherche d\u2019un logement de qualit\u00e9 et financi\u00e8rement abordable \u00e0 Bruxelles est une t\u00e2che difficile pour des publics \u00e0 revenu faible ou modique. A Bruxelles, 50 000 familles sont sur la liste d&rsquo;attente pour un logement social et 5 000 Bruxellois vivent dans la rue. Malgr\u00e9 cette crise du logement, le taux d&rsquo;inoccupation est \u00e9norme \u00e0 Bruxelles. Pas moins de 411 hectares de terrains et plus de 1 000 000 de m\u00e8tres carr\u00e9s d&rsquo;immeubles de bureaux sont vacants. En plus de la n\u00e9cessit\u00e9 de cr\u00e9er plus de logements sociaux, SAAMO Bruxelles d\u00e9veloppe des formes de logement innovantes, \u00e0 petite \u00e9chelle et collectives, adapt\u00e9es \u00e0 ces publics.<\/em><\/p>\n<p>Par des formes de logement modulaires, mobiles et r\u00e9utilisables, des projets tels que <a href=\"https:\/\/www.saamo.be\/fr\/bruxelles\/model\/woonbox-het-model\/\" target=\"_blank\" rel=\"noopener\">le mod\u00e8le WoonBox<\/a>, le <a href=\"https:\/\/www.saamo.be\/fr\/bruxelles\/project\/woonboxcinoco\/\" target=\"_blank\" rel=\"noopener\">projet Woonbox@Cinoco<\/a> et le <a href=\"https:\/\/www.saamo.be\/fr\/bruxelles\/project\/solidair-mobiel-wonen\/\" target=\"_blank\" rel=\"noopener\">Logement Solidaire Mobile<\/a> prennent forme dans des immeubles inoccup\u00e9s et\/ou des terrains vagues. SAAMO Bruxelles s\u2019attaque ainsi au probl\u00e8me des b\u00e2timents vides en ville et donne un contenu concret au droit au logement. Avec les habitants et les partenaires, des projets de logements collectifs sont mis en place. Gr\u00e2ce \u00e0 un cadre solide, SAAMO travaille sur la solidarit\u00e9 mutuelle, le renforcement mutuel et le d\u00e9veloppement de la communaut\u00e9. En coop\u00e9ration avec les partenaires sociaux (TCA, Apr\u00e8s toe), SAAMO offre des possibilit\u00e9s \u00e0 une r\u00e9insertion sur le plan de la formation, de l\u2019emploi, de l\u2019aide sociale, etc.<\/p>\n<p>En am\u00e9liorant temporairement leurs conditions de vie, les gens reprennent le contr\u00f4le de leur vie. Gr\u00e2ce \u00e0 la paix retrouv\u00e9e, les r\u00e9sidents peuvent avancer de mani\u00e8re durable, m\u00eame dans un logement temporaire.<\/p>\n<h3>La protection sociale<\/h3>\n<p><em>Le droit \u00e0 la protection sociale reste lettre morte pour des milliers de gens.\u00a0Ils ne connaissent pas les mesures de soutien. Ils se perdent dans l\u2019\u00e9cheveau des r\u00e9glementations et des dispositifs ou en sont exclus parce que les obstacles pour y acc\u00e9der sont trop grands. De plus, le droit \u00e0 la protection sociale est de plus en plus souvent li\u00e9 \u00e0 des conditions \u00e0 remplir. SAAMO Bruxelles d\u00e9nonce cette tendance et cr\u00e9e un mouvement pour inverser cette vision de \u2018on n\u2019a rien sans rien\u2019.\u00a0<\/em><\/p>\n<p>Dans la lutte contre la sous-protection, SAAMO Bruxelles d\u00e9veloppe des mod\u00e8les et des projets qui visent \u00e0 renforcer la protection sociale tout en renfor\u00e7ant les personnes en situation de vuln\u00e9rabilit\u00e9 sociale afin qu\u2019elles puissent mieux d\u00e9fendre leurs droits elles-m\u00eames.\u00a0En effet, chacun a besoin d\u2019une protection sociale\u00a0: le droit \u00e0 un revenu d\u00e9cent et \u00e0 des services d\u2019aide accessibles et de qualit\u00e9.<\/p>\n<p>SAAMO Bruxelles travaille \u00e0 am\u00e9liorer la protection sociale pour les <a href=\"https:\/\/www.saamo.be\/fr\/bruxelles\/project\/baskuul\/\" target=\"_blank\" rel=\"noopener\">ayants droit au revenu d\u2019int\u00e9gration sociale<\/a>, les <a href=\"https:\/\/www.saamo.be\/fr\/bruxelles\/project\/stek-peterbos\/\" target=\"_blank\" rel=\"noopener\">locataires sociaux au Peterbos<\/a> et les <a href=\"https:\/\/www.saamo.be\/fr\/bruxelles\/project\/mensen-zonder-wettig-verblijf\/\" target=\"_blank\" rel=\"noopener\">personnes en s\u00e9jour irr\u00e9gulier<\/a>.<\/p>\n<h3><strong>Des quartiers et des villes dynamiques<\/strong><\/h3>\n<p><em>En co-cr\u00e9ation avec des habitants et d\u2019autres acteurs locaux, SAAMO Bruxelles joint ses efforts, dans les quartiers o\u00f9 il est actif, pour cr\u00e9er un environnement o\u00f9 il fait bon vivre, travailler, apprendre et cohabiter. Un \u2018bon\u2019 cadre de vie se caract\u00e9rise par le degr\u00e9 auquel il donne l\u2019occasion aux habitants de trouver leur \u00e9panouissement. La pr\u00e9sence de services de base accessibles, comme des services d\u2019aide, des commerces, des lieux de rencontre et des possibilit\u00e9s de loisirs, y joue un r\u00f4le important. <\/em><\/p>\n<p>Dans les tours de la cit\u00e9 sociale du <a href=\"https:\/\/www.saamo.be\/fr\/bruxelles\/project\/stek-peterbos\/\" target=\"_blank\" rel=\"noopener\">Peterbos<\/a>, SAAMO Bruxelles cherche d\u00e9lib\u00e9r\u00e9ment \u00e0 donner forme au quartier avec les habitants. Ceux-ci sont conscients d\u2019\u00eatre abord\u00e9s et reconnus comme cr\u00e9ateurs et co-propri\u00e9taires de leur quartier. Dans les projets de <a href=\"https:\/\/www.saamo.be\/fr\/bruxelles\/project\/solidair-mobiel-wonen\/\" target=\"_blank\" rel=\"noopener\">Logement Solidaire Mobile<\/a> et du <a href=\"https:\/\/www.saamo.be\/fr\/bruxelles\/project\/woonboxcinoco\/\" target=\"_blank\" rel=\"noopener\">projet Woonbox@Cinoco<\/a> aussi, il y a une interaction avec l\u2019environnement. La pr\u00e9sence de ces projets de logements temporaires peut donner une impulsion \u00e0 la dynamique du quartier. SAAMO Bruxelles voit le quartier comme un laboratoire pour imaginer et tester \u00e0 petite \u00e9chelle des solutions \u00e0 des probl\u00e8mes de soci\u00e9t\u00e9. Mais pour cr\u00e9er des quartiers et des villes \u00e0 taille humaine, l\u2019acc\u00e8s aux droits humains et aux droits fondamentaux et un renforcement de la citoyennet\u00e9 collective sont tout aussi cruciaux.[\/vc_column_text][\/vc_column][\/vc_row]\n<\/div>","protected":false},"excerpt":{"rendered":"<p>[vc_row full_width=\u00a0\u00bbstretch_row\u00a0\u00bb min_height=\u00a0\u00bb400&Prime;][vc_column][vc_column_text]Un logement correct et \u00e0 prix abordable. Un boulot appropri\u00e9. Chaque jour un repas sain sur la table. Des sous pour mener une vie sociale. Pour beaucoup de gens, cela n\u2019a rien d\u2019\u00e9vident. Les in\u00e9galit\u00e9s dans l\u2019organisation de notre soci\u00e9t\u00e9 fragilisent et excluent. Les travailleurs communautaires de SAAMO rassemblent des personnes en situation&hellip;<\/p>\n","protected":false},"author":8,"featured_media":39472,"parent":7493,"menu_order":1,"comment_status":"closed","ping_status":"closed","template":"","meta":{"_acf_changed":false,"_analytify_skip_tracking":false,"footnotes":""},"class_list":["post-9255","page","type-page","status-publish","has-post-thumbnail","hentry","regio-bruxelles","entry","has-media"],"acf":[],"_links":{"self":[{"href":"https:\/\/www.saamo.be\/fr\/wp-json\/wp\/v2\/pages\/9255","targetHints":{"allow":["GET"]}}],"collection":[{"href":"https:\/\/www.saamo.be\/fr\/wp-json\/wp\/v2\/pages"}],"about":[{"href":"https:\/\/www.saamo.be\/fr\/wp-json\/wp\/v2\/types\/page"}],"author":[{"embeddable":true,"href":"https:\/\/www.saamo.be\/fr\/wp-json\/wp\/v2\/users\/8"}],"replies":[{"embeddable":true,"href":"https:\/\/www.saamo.be\/fr\/wp-json\/wp\/v2\/comments?post=9255"}],"version-history":[{"count":5,"href":"https:\/\/www.saamo.be\/fr\/wp-json\/wp\/v2\/pages\/9255\/revisions"}],"predecessor-version":[{"id":11991,"href":"https:\/\/www.saamo.be\/fr\/wp-json\/wp\/v2\/pages\/9255\/revisions\/11991"}],"up":[{"embeddable":true,"href":"https:\/\/www.saamo.be\/fr\/wp-json\/wp\/v2\/pages\/7493"}],"wp:featuredmedia":[{"embeddable":true,"href":"https:\/\/www.saamo.be\/fr\/wp-json\/wp\/v2\/media\/39472"}],"wp:attachment":[{"href":"https:\/\/www.saamo.be\/fr\/wp-json\/wp\/v2\/media?parent=9255"}],"curies":[{"name":"wp","href":"https:\/\/api.w.org\/{rel}","templated":true}]}}