{"id":9264,"date":"2021-10-07T12:40:15","date_gmt":"2021-10-07T10:40:15","guid":{"rendered":"https:\/\/www.saamo.be\/brussel\/steun-ons\/"},"modified":"2021-12-03T13:56:57","modified_gmt":"2021-12-03T12:56:57","slug":"steun-ons","status":"publish","type":"page","link":"https:\/\/www.saamo.be\/fr\/bruxelles\/soutenez-nous\/","title":{"rendered":"Soutenez-nous"},"content":{"rendered":"<div class=\"wpb-content-wrapper\">[vc_row full_width=\u00a0\u00bbstretch_row\u00a0\u00bb min_height=\u00a0\u00bb400&Prime;][vc_column]<h1 class=\"vcex-heading vcex-heading-plain vcex-module wpex-heading wpex-text-2xl wpex-h1\"><span class=\"vcex-heading-inner wpex-inline-block\">Soutenez-nous<\/span><\/h1><figure class=\"vcex-image vcex-module\"><div class=\"vcex-image-inner wpex-relative wpex-inline-block\"><img width=\"1920\" height=\"1280\" src=\"https:\/\/www.saamo.be\/wp-content\/uploads\/2021\/11\/iso800-Saamo-Brussel-8-11-65-1.jpg\" class=\"vcex-image-img wpex-align-middle\" alt=\"\" loading=\"lazy\" decoding=\"async\" srcset=\"https:\/\/www.saamo.be\/wp-content\/uploads\/2021\/11\/iso800-Saamo-Brussel-8-11-65-1.jpg 1920w, https:\/\/www.saamo.be\/wp-content\/uploads\/2021\/11\/iso800-Saamo-Brussel-8-11-65-1-300x200.jpg 300w, https:\/\/www.saamo.be\/wp-content\/uploads\/2021\/11\/iso800-Saamo-Brussel-8-11-65-1-1024x683.jpg 1024w, https:\/\/www.saamo.be\/wp-content\/uploads\/2021\/11\/iso800-Saamo-Brussel-8-11-65-1-768x512.jpg 768w, https:\/\/www.saamo.be\/wp-content\/uploads\/2021\/11\/iso800-Saamo-Brussel-8-11-65-1-1536x1024.jpg 1536w\" sizes=\"auto, (max-width: 1920px) 100vw, 1920px\" \/><\/div><\/figure><div class=\"vcex-spacing wpex-w-100 wpex-clear\"><\/div><h3 class=\"vcex-heading vcex-heading-plain vcex-module wpex-heading wpex-text-2xl wpex-h3\"><span class=\"vcex-heading-inner wpex-inline-block\">Gr\u00e2ce \u00e0 votre don, nous pouvons aider davantage de personnes \u00e0 jouir de leurs droits fondamentaux. Nous utilisons votre soutien dans la mise en \u0153uvre de diff\u00e9rents projets de notre organisation. Faire un don est facile. Transf\u00e9rez le montant souhait\u00e9 sur le num\u00e9ro de compte : BE05 0112 5048 4675.<\/p>\n<p>Les dons de 40 euros ou plus donnent droit \u00e0 une r\u00e9duction d'imp\u00f4t de 45 %.<\/p>\n<p>Vous pouvez \u00e9galement effectuer votre don en ligne via le lien ci-dessous, en mentionnant ou non le projet que vous souhaitez soutenir.<\/p>\n<p>Vous souhaitez d'abord obtenir plus d'informations ? Alors, prenez contact avec nous. Envoyez un courriel \u00e0 info.brussel@saamo.be.<\/span><\/h3><div class=\"vcex-spacing wpex-w-100 wpex-clear\"><\/div><div class=\"vcex-shortcode wpex-clr\">[give_form id=\u00a0\u00bb8837&Prime;]<\/div>[\/vc_column][\/vc_row]\n<\/div>","protected":false},"excerpt":{"rendered":"<p>[vc_row full_width=\u00a0\u00bbstretch_row\u00a0\u00bb min_height=\u00a0\u00bb400&Prime;][vc_column][\/vc_column][\/vc_row]<\/p>\n","protected":false},"author":8,"featured_media":9565,"parent":7493,"menu_order":5,"comment_status":"closed","ping_status":"closed","template":"","meta":{"_acf_changed":false,"_analytify_skip_tracking":false,"footnotes":""},"class_list":["post-9264","page","type-page","status-publish","has-post-thumbnail","hentry","regio-bruxelles","entry","has-media"],"acf":[],"_links":{"self":[{"href":"https:\/\/www.saamo.be\/fr\/wp-json\/wp\/v2\/pages\/9264","targetHints":{"allow":["GET"]}}],"collection":[{"href":"https:\/\/www.saamo.be\/fr\/wp-json\/wp\/v2\/pages"}],"about":[{"href":"https:\/\/www.saamo.be\/fr\/wp-json\/wp\/v2\/types\/page"}],"author":[{"embeddable":true,"href":"https:\/\/www.saamo.be\/fr\/wp-json\/wp\/v2\/users\/8"}],"replies":[{"embeddable":true,"href":"https:\/\/www.saamo.be\/fr\/wp-json\/wp\/v2\/comments?post=9264"}],"version-history":[{"count":5,"href":"https:\/\/www.saamo.be\/fr\/wp-json\/wp\/v2\/pages\/9264\/revisions"}],"predecessor-version":[{"id":11728,"href":"https:\/\/www.saamo.be\/fr\/wp-json\/wp\/v2\/pages\/9264\/revisions\/11728"}],"up":[{"embeddable":true,"href":"https:\/\/www.saamo.be\/fr\/wp-json\/wp\/v2\/pages\/7493"}],"wp:featuredmedia":[{"embeddable":true,"href":"https:\/\/www.saamo.be\/fr\/wp-json\/wp\/v2\/media\/9565"}],"wp:attachment":[{"href":"https:\/\/www.saamo.be\/fr\/wp-json\/wp\/v2\/media?parent=9264"}],"curies":[{"name":"wp","href":"https:\/\/api.w.org\/{rel}","templated":true}]}}