{"id":9266,"date":"2021-10-07T12:40:15","date_gmt":"2021-10-07T10:40:15","guid":{"rendered":"https:\/\/www.saamo.be\/brussel\/contact\/"},"modified":"2025-04-30T16:06:48","modified_gmt":"2025-04-30T14:06:48","slug":"contact","status":"publish","type":"page","link":"https:\/\/www.saamo.be\/fr\/bruxelles\/contact\/","title":{"rendered":"Contact"},"content":{"rendered":"<div class=\"wpb-content-wrapper\">[vc_row full_width=\u00a0\u00bbstretch_row\u00a0\u00bb min_height=\u00a0\u00bb400&Prime;][vc_column]<h1 class=\"vcex-heading vcex-heading-plain vcex-module wpex-heading wpex-text-2xl wpex-h1\"><span class=\"vcex-heading-inner wpex-inline-block\">Contact<\/span><\/h1><figure class=\"vcex-image vcex-module\"><div class=\"vcex-image-inner wpex-relative wpex-inline-block\"><img loading=\"lazy\" class=\"vcex-image-img wpex-align-middle\" decoding=\"async\" src=\"https:\/\/www.saamo.be\/wp-content\/uploads\/2021\/09\/iso800-Saamo-Antwerpen-13-1000x500.jpg\" alt=\"\" width=\"1000\" height=\"500\"><\/div><\/figure><div class=\"vcex-spacing wpex-w-100 wpex-clear\"><\/div>[vc_column_text css=\u00a0\u00bb\u00a0\u00bb]Les coordonn\u00e9es personnelles de tous nos employ\u00e9s se trouvent <a href=\"https:\/\/www.saamo.be\/fr\/bruxelles\/region-bruxelles\/qui-est-qui\/\" target=\"_blank\" rel=\"noopener\">ici<\/a>.<\/p>\n<p>Vous pouvez joindre notre secr\u00e9tariat central par t\u00e9l\u00e9phone tous les jours ouvrables entre 9 et 17 heures.<\/p>\n<h3>Contactez nous:<\/h3>\n<p>info.brussel@saamo.be<\/p>\n<h3>Adresse secretariat central<span style=\"letter-spacing: 0.016px;\">\u00a0<\/span>| adresse de facturation:<\/h3>\n<p>rue Heyvaert 140 B<br \/>\n1080 Bruxelles<\/p>\n<h3>Compte bancaire &amp; BIC:<\/h3>\n<p>BE05 0112 5048 4675<br \/>\nGEBABEBB<\/p>\n<h3>Num\u00e9ro d&rsquo;entreprise:<\/h3>\n<p>0428.708.227<br \/>\nRPM Bruxelles, section Bruxelles<\/p>\n<h3>Baskuul<\/h3>\n<p>rue\u00a0 Heyvaert 140 B<br \/>\n1070 Anderlecht<br \/>\n+32 (0)483 729 837<\/p>\n<h3>Equipe Personnes en s\u00e9jour irr\u00e9gulier<\/h3>\n<p>rue Heyvaert 140 B<br \/>\n1080 Bruxelles<\/p>\n<h3>Peterbos<\/h3>\n<p>Parc du Peterbos 9 bte 41 (rez-de-chauss\u00e9e)<br \/>\n1070 Anderlecht<\/p>\n<h3>Equipe Logement<\/h3>\n<p>rue Heyvaert 140 B<br \/>\n1080 Bruxelles[\/vc_column_text][\/vc_column][\/vc_row]\n<\/div>","protected":false},"excerpt":{"rendered":"<p>[vc_row full_width=\u00a0\u00bbstretch_row\u00a0\u00bb min_height=\u00a0\u00bb400&Prime;][vc_column][vc_column_text css=\u00a0\u00bb\u00a0\u00bb]Les coordonn\u00e9es personnelles de tous nos employ\u00e9s se trouvent ici. Vous pouvez joindre notre secr\u00e9tariat central par t\u00e9l\u00e9phone tous les jours ouvrables entre 9 et 17 heures. Contactez nous: info.brussel@saamo.be Adresse secretariat central\u00a0| adresse de facturation: rue Heyvaert 140 B 1080 Bruxelles Compte bancaire &amp; BIC: BE05 0112 5048 4675 GEBABEBB Num\u00e9ro&hellip;<\/p>\n","protected":false},"author":8,"featured_media":5975,"parent":7493,"menu_order":6,"comment_status":"closed","ping_status":"closed","template":"","meta":{"_acf_changed":false,"_analytify_skip_tracking":false,"footnotes":""},"class_list":["post-9266","page","type-page","status-publish","has-post-thumbnail","hentry","regio-bruxelles","entry","has-media"],"acf":[],"_links":{"self":[{"href":"https:\/\/www.saamo.be\/fr\/wp-json\/wp\/v2\/pages\/9266","targetHints":{"allow":["GET"]}}],"collection":[{"href":"https:\/\/www.saamo.be\/fr\/wp-json\/wp\/v2\/pages"}],"about":[{"href":"https:\/\/www.saamo.be\/fr\/wp-json\/wp\/v2\/types\/page"}],"author":[{"embeddable":true,"href":"https:\/\/www.saamo.be\/fr\/wp-json\/wp\/v2\/users\/8"}],"replies":[{"embeddable":true,"href":"https:\/\/www.saamo.be\/fr\/wp-json\/wp\/v2\/comments?post=9266"}],"version-history":[{"count":5,"href":"https:\/\/www.saamo.be\/fr\/wp-json\/wp\/v2\/pages\/9266\/revisions"}],"predecessor-version":[{"id":39093,"href":"https:\/\/www.saamo.be\/fr\/wp-json\/wp\/v2\/pages\/9266\/revisions\/39093"}],"up":[{"embeddable":true,"href":"https:\/\/www.saamo.be\/fr\/wp-json\/wp\/v2\/pages\/7493"}],"wp:featuredmedia":[{"embeddable":true,"href":"https:\/\/www.saamo.be\/fr\/wp-json\/wp\/v2\/media\/5975"}],"wp:attachment":[{"href":"https:\/\/www.saamo.be\/fr\/wp-json\/wp\/v2\/media?parent=9266"}],"curies":[{"name":"wp","href":"https:\/\/api.w.org\/{rel}","templated":true}]}}